{"id":5269,"date":"2020-03-31T09:33:21","date_gmt":"2020-03-31T13:33:21","guid":{"rendered":"https:\/\/baccinoevents.com\/catalogue-locations\/"},"modified":"2020-03-31T13:23:16","modified_gmt":"2020-03-31T17:23:16","slug":"catalogue-location","status":"publish","type":"page","link":"https:\/\/baccinoevents.com\/fr\/catalogue-location\/","title":{"rendered":"Catalogue des Locations"},"content":{"rendered":"","protected":false},"excerpt":{"rendered":"","protected":false},"author":1,"featured_media":0,"parent":0,"menu_order":0,"comment_status":"closed","ping_status":"closed","template":"","meta":{"footnotes":""},"yoast_head":"<!-- This site is optimized with the Yoast SEO plugin v23.5 - https:\/\/yoast.com\/wordpress\/plugins\/seo\/ -->\n<title>Catalogue des Locations | Baccino Events | DJ, Decor, Planning and Rentals | Montreal<\/title>\n<meta name=\"robots\" content=\"noindex, nofollow\" \/>\n<meta property=\"og:locale\" content=\"fr_CA\" \/>\n<meta property=\"og:type\" content=\"article\" \/>\n<meta property=\"og:title\" content=\"Catalogue des Locations | Baccino Events | DJ, Decor, Planning and Rentals | Montreal\" \/>\n<meta property=\"og:url\" content=\"https:\/\/baccinoevents.com\/fr\/catalogue-location\/\" \/>\n<meta property=\"og:site_name\" content=\"Baccino Events | DJ, Decor, Planning and Rentals | Montreal\" \/>\n<meta property=\"article:publisher\" content=\"https:\/\/www.facebook.com\/BaccinoEntertainment\/\" \/>\n<meta property=\"article:modified_time\" content=\"2020-03-31T17:23:16+00:00\" \/>\n<meta property=\"og:image\" content=\"https:\/\/baccinoevents.com\/wp-content\/uploads\/2017\/08\/evenement-baccino-mariage.jpg\" \/>\n\t<meta property=\"og:image:width\" content=\"1200\" \/>\n\t<meta property=\"og:image:height\" content=\"630\" \/>\n\t<meta property=\"og:image:type\" content=\"image\/jpeg\" \/>\n<meta name=\"twitter:card\" content=\"summary_large_image\" \/>\n<meta name=\"twitter:site\" content=\"@BaccinoE\" \/>\n<script type=\"application\/ld+json\" class=\"yoast-schema-graph\">{\"@context\":\"https:\/\/schema.org\",\"@graph\":[{\"@type\":\"WebPage\",\"@id\":\"https:\/\/baccinoevents.com\/fr\/catalogue-location\/\",\"url\":\"https:\/\/baccinoevents.com\/fr\/catalogue-location\/\",\"name\":\"Catalogue des Locations | Baccino Events | DJ, Decor, Planning and Rentals | Montreal\",\"isPartOf\":{\"@id\":\"https:\/\/baccinoevents.com\/#website\"},\"datePublished\":\"2020-03-31T13:33:21+00:00\",\"dateModified\":\"2020-03-31T17:23:16+00:00\",\"breadcrumb\":{\"@id\":\"https:\/\/baccinoevents.com\/fr\/catalogue-location\/#breadcrumb\"},\"inLanguage\":\"fr-CA\",\"potentialAction\":[{\"@type\":\"ReadAction\",\"target\":[\"https:\/\/baccinoevents.com\/fr\/catalogue-location\/\"]}]},{\"@type\":\"BreadcrumbList\",\"@id\":\"https:\/\/baccinoevents.com\/fr\/catalogue-location\/#breadcrumb\",\"itemListElement\":[{\"@type\":\"ListItem\",\"position\":1,\"name\":\"Home\",\"item\":\"https:\/\/baccinoevents.com\/fr\/\"},{\"@type\":\"ListItem\",\"position\":2,\"name\":\"Catalogue des Locations\"}]},{\"@type\":\"WebSite\",\"@id\":\"https:\/\/baccinoevents.com\/#website\",\"url\":\"https:\/\/baccinoevents.com\/\",\"name\":\"Baccino Events | DJ, Decor, Planning and Rentals | Montreal\",\"description\":\"Distinguished. Unique. Lively.\",\"publisher\":{\"@id\":\"https:\/\/baccinoevents.com\/#organization\"},\"alternateName\":\"Montreal wedding DJ, planner and coordinator\",\"potentialAction\":[{\"@type\":\"SearchAction\",\"target\":{\"@type\":\"EntryPoint\",\"urlTemplate\":\"https:\/\/baccinoevents.com\/?s={search_term_string}\"},\"query-input\":{\"@type\":\"PropertyValueSpecification\",\"valueRequired\":true,\"valueName\":\"search_term_string\"}}],\"inLanguage\":\"fr-CA\"},{\"@type\":\"Organization\",\"@id\":\"https:\/\/baccinoevents.com\/#organization\",\"name\":\"\u00c9v\u00e8nements Baccino Events\",\"alternateName\":\"\u00c9v\u00e8nements Baccino\",\"url\":\"https:\/\/baccinoevents.com\/\",\"logo\":{\"@type\":\"ImageObject\",\"inLanguage\":\"fr-CA\",\"@id\":\"https:\/\/baccinoevents.com\/#\/schema\/logo\/image\/\",\"url\":\"https:\/\/baccinoevents.com\/wp-content\/uploads\/2020\/01\/BaccinoEventsLogo_1920x574.png\",\"contentUrl\":\"https:\/\/baccinoevents.com\/wp-content\/uploads\/2020\/01\/BaccinoEventsLogo_1920x574.png\",\"width\":1920,\"height\":574,\"caption\":\"\u00c9v\u00e8nements Baccino Events\"},\"image\":{\"@id\":\"https:\/\/baccinoevents.com\/#\/schema\/logo\/image\/\"},\"sameAs\":[\"https:\/\/www.facebook.com\/BaccinoEntertainment\/\",\"https:\/\/x.com\/BaccinoE\",\"https:\/\/www.instagram.com\/baccinoevents\/\",\"https:\/\/www.linkedin.com\/company\/baccino-events-inc-\",\"https:\/\/www.pinterest.com\/baccinoe\/\",\"https:\/\/www.youtube.com\/channel\/UCZ8YFGhgtqCyrCe_v19YUVQ\/\"]}]}<\/script>\n<!-- \/ Yoast SEO plugin. -->","yoast_head_json":{"title":"Catalogue des Locations | Baccino Events | DJ, Decor, Planning and Rentals | Montreal","robots":{"index":"noindex","follow":"nofollow"},"og_locale":"fr_CA","og_type":"article","og_title":"Catalogue des Locations | Baccino Events | DJ, Decor, Planning and Rentals | Montreal","og_url":"https:\/\/baccinoevents.com\/fr\/catalogue-location\/","og_site_name":"Baccino Events | DJ, Decor, Planning and Rentals | Montreal","article_publisher":"https:\/\/www.facebook.com\/BaccinoEntertainment\/","article_modified_time":"2020-03-31T17:23:16+00:00","og_image":[{"width":1200,"height":630,"url":"https:\/\/baccinoevents.com\/wp-content\/uploads\/2017\/08\/evenement-baccino-mariage.jpg","type":"image\/jpeg"}],"twitter_card":"summary_large_image","twitter_site":"@BaccinoE","schema":{"@context":"https:\/\/schema.org","@graph":[{"@type":"WebPage","@id":"https:\/\/baccinoevents.com\/fr\/catalogue-location\/","url":"https:\/\/baccinoevents.com\/fr\/catalogue-location\/","name":"Catalogue des Locations | Baccino Events | DJ, Decor, Planning and Rentals | Montreal","isPartOf":{"@id":"https:\/\/baccinoevents.com\/#website"},"datePublished":"2020-03-31T13:33:21+00:00","dateModified":"2020-03-31T17:23:16+00:00","breadcrumb":{"@id":"https:\/\/baccinoevents.com\/fr\/catalogue-location\/#breadcrumb"},"inLanguage":"fr-CA","potentialAction":[{"@type":"ReadAction","target":["https:\/\/baccinoevents.com\/fr\/catalogue-location\/"]}]},{"@type":"BreadcrumbList","@id":"https:\/\/baccinoevents.com\/fr\/catalogue-location\/#breadcrumb","itemListElement":[{"@type":"ListItem","position":1,"name":"Home","item":"https:\/\/baccinoevents.com\/fr\/"},{"@type":"ListItem","position":2,"name":"Catalogue des Locations"}]},{"@type":"WebSite","@id":"https:\/\/baccinoevents.com\/#website","url":"https:\/\/baccinoevents.com\/","name":"Baccino Events | DJ, Decor, Planning and Rentals | Montreal","description":"Distinguished. Unique. Lively.","publisher":{"@id":"https:\/\/baccinoevents.com\/#organization"},"alternateName":"Montreal wedding DJ, planner and coordinator","potentialAction":[{"@type":"SearchAction","target":{"@type":"EntryPoint","urlTemplate":"https:\/\/baccinoevents.com\/?s={search_term_string}"},"query-input":{"@type":"PropertyValueSpecification","valueRequired":true,"valueName":"search_term_string"}}],"inLanguage":"fr-CA"},{"@type":"Organization","@id":"https:\/\/baccinoevents.com\/#organization","name":"\u00c9v\u00e8nements Baccino Events","alternateName":"\u00c9v\u00e8nements Baccino","url":"https:\/\/baccinoevents.com\/","logo":{"@type":"ImageObject","inLanguage":"fr-CA","@id":"https:\/\/baccinoevents.com\/#\/schema\/logo\/image\/","url":"https:\/\/baccinoevents.com\/wp-content\/uploads\/2020\/01\/BaccinoEventsLogo_1920x574.png","contentUrl":"https:\/\/baccinoevents.com\/wp-content\/uploads\/2020\/01\/BaccinoEventsLogo_1920x574.png","width":1920,"height":574,"caption":"\u00c9v\u00e8nements Baccino Events"},"image":{"@id":"https:\/\/baccinoevents.com\/#\/schema\/logo\/image\/"},"sameAs":["https:\/\/www.facebook.com\/BaccinoEntertainment\/","https:\/\/x.com\/BaccinoE","https:\/\/www.instagram.com\/baccinoevents\/","https:\/\/www.linkedin.com\/company\/baccino-events-inc-","https:\/\/www.pinterest.com\/baccinoe\/","https:\/\/www.youtube.com\/channel\/UCZ8YFGhgtqCyrCe_v19YUVQ\/"]}]}},"_links":{"self":[{"href":"https:\/\/baccinoevents.com\/fr\/wp-json\/wp\/v2\/pages\/5269"}],"collection":[{"href":"https:\/\/baccinoevents.com\/fr\/wp-json\/wp\/v2\/pages"}],"about":[{"href":"https:\/\/baccinoevents.com\/fr\/wp-json\/wp\/v2\/types\/page"}],"author":[{"embeddable":true,"href":"https:\/\/baccinoevents.com\/fr\/wp-json\/wp\/v2\/users\/1"}],"replies":[{"embeddable":true,"href":"https:\/\/baccinoevents.com\/fr\/wp-json\/wp\/v2\/comments?post=5269"}],"version-history":[{"count":0,"href":"https:\/\/baccinoevents.com\/fr\/wp-json\/wp\/v2\/pages\/5269\/revisions"}],"wp:attachment":[{"href":"https:\/\/baccinoevents.com\/fr\/wp-json\/wp\/v2\/media?parent=5269"}],"curies":[{"name":"wp","href":"https:\/\/api.w.org\/{rel}","templated":true}]}}